{"id":88,"date":"2022-07-20T18:22:37","date_gmt":"2022-07-20T18:22:37","guid":{"rendered":"https:\/\/vetkonyvelo.hu\/Uj\/?page_id=88"},"modified":"2024-10-11T07:37:14","modified_gmt":"2024-10-11T07:37:14","slug":"bemutatkozas","status":"publish","type":"page","link":"https:\/\/vetkonyvelo.hu\/Uj\/","title":{"rendered":"K\u00f6sz\u00f6nt\u0151"},"content":{"rendered":"\t\t<div data-elementor-type=\"wp-page\" data-elementor-id=\"88\" class=\"elementor elementor-88\" data-elementor-post-type=\"page\">\n\t\t\t\t\t\t<section class=\"elementor-section elementor-top-section elementor-element elementor-element-50cd15a4 elementor-section-boxed elementor-section-height-default elementor-section-height-default\" data-id=\"50cd15a4\" data-element_type=\"section\" data-e-type=\"section\">\n\t\t\t\t\t\t<div class=\"elementor-container elementor-column-gap-default\">\n\t\t\t\t\t<div class=\"elementor-column elementor-col-100 elementor-top-column elementor-element elementor-element-62cf2c78\" data-id=\"62cf2c78\" data-element_type=\"column\" data-e-type=\"column\">\n\t\t\t<div class=\"elementor-widget-wrap elementor-element-populated\">\n\t\t\t\t\t\t<section class=\"elementor-section elementor-inner-section elementor-element elementor-element-1f26fe7b elementor-section-boxed elementor-section-height-default elementor-section-height-default\" data-id=\"1f26fe7b\" data-element_type=\"section\" data-e-type=\"section\">\n\t\t\t\t\t\t<div class=\"elementor-container elementor-column-gap-default\">\n\t\t\t\t\t<div class=\"elementor-column elementor-col-100 elementor-inner-column elementor-element elementor-element-7026f641\" data-id=\"7026f641\" data-element_type=\"column\" data-e-type=\"column\">\n\t\t\t<div class=\"elementor-widget-wrap elementor-element-populated\">\n\t\t\t\t\t\t<div class=\"elementor-element elementor-element-74fbe4fe elementor-widget elementor-widget-text-editor\" data-id=\"74fbe4fe\" data-element_type=\"widget\" data-e-type=\"widget\" data-widget_type=\"text-editor.default\">\n\t\t\t\t<div class=\"elementor-widget-container\">\n\t\t\t\t\t\t\t\t\t<p style=\"background: #F7F8F9; margin: 0cm 0cm 18.0pt 0cm;\"><i><span style=\"font-size: 14.5pt; font-family: 'Source Sans Pro',sans-serif; color: #060000;\">\u00dcdv\u00f6z\u00f6lj\u00fck a honlapunkon!<\/span><\/i><\/p>\n<p style=\"background: #F7F8F9; margin: 0cm 0cm 18.0pt 0cm;\"><i><span style=\"font-size: 14.5pt; font-family: 'Source Sans Pro',sans-serif; color: #060000;\">C\u00e9g\u00fcnket 1995-ben alap\u00edtottuk, az\u00f3ta foglalkozunk sz\u00e1mviteli, ad\u00f3z\u00e1si feladatok elv\u00e9gz\u00e9s\u00e9vel m\u00e1s v\u00e1llalkoz\u00e1sok, szervezetek sz\u00e1m\u00e1ra.<\/span><\/i><\/p>\n<p style=\"margin: 0cm; background: #F7F8F9;\"><i><span style=\"font-size: 14.5pt; font-family: 'Source Sans Pro',sans-serif; color: #060000;\">Jelenlegi szolg\u00e1ltat\u00e1si k\u00f6r\u00fcnk enn\u00e9l sokkal b\u0151vebb, c\u00e9lunk seg\u00edteni a c\u00e9gvezet\u0151ket minden oldalr\u00f3l. Amennyiben \u00fagy gondolja, egy j\u00f3 csapattal k\u00f6nnyebben oldhatja meg feladatait, n\u00e9zzen k\u00f6r\u00fcl n\u00e1lunk. K\u00f6zel 40 \u00e9ves tapasztalattal \u00e9s nagy szak\u00e9rtelemmel tudjuk az \u00d6n munk\u00e1j\u00e1t t\u00e1mogatni.<\/span><\/i><\/p>\n<p><\/p>\n<p style=\"margin: 0cm; background: #F7F8F9;\"><i><span style=\"font-size: 14.5pt; font-family: 'Source Sans Pro',sans-serif; color: #060000;\">C\u00e9gvezet\u0151nek lenni nem k\u00f6nny\u0171. C\u00e9gvezet\u0151nek lenni nagyon neh\u00e9z. M\u00e9gis meg\u00e9ri. Az ember tehet valami \u00e9rdemlegeset m\u00e1sok\u00e9rt, a csal\u00e1dj\u00e1\u00e9rt, \u00e9s persze saj\u00e1t mag\u00e1\u00e9rt is. C\u00e9gvezet\u0151k\u00e9nt naponta \u00fajulunk meg, l\u00e9pj\u00fck \u00e1t saj\u00e1t hat\u00e1rainkat. Mi az olyan c\u00e9gvezet\u0151knek seg\u00edt\u00fcnk, akik ehhez keresnek t\u00e1rsakat.<\/span><\/i><\/p>\t\t\t\t\t\t\t\t<\/div>\n\t\t\t\t<\/div>\n\t\t\t\t\t<\/div>\n\t\t<\/div>\n\t\t\t\t\t<\/div>\n\t\t<\/section>\n\t\t\t\t\t<\/div>\n\t\t<\/div>\n\t\t\t\t\t<\/div>\n\t\t<\/section>\n\t\t\t\t<section class=\"elementor-section elementor-top-section elementor-element elementor-element-1314c28 elementor-section-boxed elementor-section-height-default elementor-section-height-default\" data-id=\"1314c28\" data-element_type=\"section\" data-e-type=\"section\">\n\t\t\t\t\t\t<div class=\"elementor-container elementor-column-gap-default\">\n\t\t\t\t\t<div class=\"elementor-column elementor-col-100 elementor-top-column elementor-element elementor-element-62faf94\" data-id=\"62faf94\" data-element_type=\"column\" data-e-type=\"column\">\n\t\t\t<div class=\"elementor-widget-wrap elementor-element-populated\">\n\t\t\t\t\t\t<div class=\"elementor-element elementor-element-873721e elementor-widget elementor-widget-image\" data-id=\"873721e\" data-element_type=\"widget\" data-e-type=\"widget\" data-widget_type=\"image.default\">\n\t\t\t\t<div class=\"elementor-widget-container\">\n\t\t\t\t\t\t\t\t\t\t\t\t\t\t\t<img fetchpriority=\"high\" decoding=\"async\" width=\"800\" height=\"534\" src=\"https:\/\/vetkonyvelo.hu\/Uj\/wp-content\/uploads\/2022\/07\/37594957_1966886346712405_8671782856046936064_o-1024x683.jpg\" class=\"attachment-large size-large wp-image-84\" alt=\"\" srcset=\"https:\/\/vetkonyvelo.hu\/Uj\/wp-content\/uploads\/2022\/07\/37594957_1966886346712405_8671782856046936064_o-1024x683.jpg 1024w, https:\/\/vetkonyvelo.hu\/Uj\/wp-content\/uploads\/2022\/07\/37594957_1966886346712405_8671782856046936064_o-300x200.jpg 300w, https:\/\/vetkonyvelo.hu\/Uj\/wp-content\/uploads\/2022\/07\/37594957_1966886346712405_8671782856046936064_o-768x512.jpg 768w, https:\/\/vetkonyvelo.hu\/Uj\/wp-content\/uploads\/2022\/07\/37594957_1966886346712405_8671782856046936064_o.jpg 1440w\" sizes=\"(max-width: 800px) 100vw, 800px\" \/>\t\t\t\t\t\t\t\t\t\t\t\t\t\t\t<\/div>\n\t\t\t\t<\/div>\n\t\t\t\t\t<\/div>\n\t\t<\/div>\n\t\t\t\t\t<\/div>\n\t\t<\/section>\n\t\t\t\t<section class=\"elementor-section elementor-top-section elementor-element elementor-element-f54afdd elementor-section-boxed elementor-section-height-default elementor-section-height-default\" data-id=\"f54afdd\" data-element_type=\"section\" data-e-type=\"section\">\n\t\t\t\t\t\t<div class=\"elementor-container elementor-column-gap-default\">\n\t\t\t\t\t<div class=\"elementor-column elementor-col-100 elementor-top-column elementor-element elementor-element-6cf02bf\" data-id=\"6cf02bf\" data-element_type=\"column\" data-e-type=\"column\">\n\t\t\t<div class=\"elementor-widget-wrap elementor-element-populated\">\n\t\t\t\t\t\t<div class=\"elementor-element elementor-element-9001861 elementor-widget elementor-widget-heading\" data-id=\"9001861\" data-element_type=\"widget\" data-e-type=\"widget\" data-widget_type=\"heading.default\">\n\t\t\t\t<div class=\"elementor-widget-container\">\n\t\t\t\t\t<h2 class=\"elementor-heading-title elementor-size-default\">Iratkozzon fel h\u00edrlevel\u00fcnkre!<\/h2>\t\t\t\t<\/div>\n\t\t\t\t<\/div>\n\t\t\t\t\t<\/div>\n\t\t<\/div>\n\t\t\t\t\t<\/div>\n\t\t<\/section>\n\t\t\t\t<section class=\"elementor-section elementor-top-section elementor-element elementor-element-f5730a6 elementor-section-boxed elementor-section-height-default elementor-section-height-default\" data-id=\"f5730a6\" data-element_type=\"section\" data-e-type=\"section\">\n\t\t\t\t\t\t<div class=\"elementor-container elementor-column-gap-default\">\n\t\t\t\t\t<div class=\"elementor-column elementor-col-100 elementor-top-column elementor-element elementor-element-d40ec77\" data-id=\"d40ec77\" data-element_type=\"column\" data-e-type=\"column\">\n\t\t\t<div class=\"elementor-widget-wrap elementor-element-populated\">\n\t\t\t\t\t\t<div class=\"elementor-element elementor-element-6005de8 elementor-button-align-stretch elementor-widget elementor-widget-form\" data-id=\"6005de8\" data-element_type=\"widget\" data-e-type=\"widget\" data-settings=\"{&quot;step_next_label&quot;:&quot;Next&quot;,&quot;step_previous_label&quot;:&quot;Previous&quot;,&quot;button_width&quot;:&quot;100&quot;,&quot;step_type&quot;:&quot;number_text&quot;,&quot;step_icon_shape&quot;:&quot;circle&quot;}\" data-widget_type=\"form.default\">\n\t\t\t\t<div class=\"elementor-widget-container\">\n\t\t\t\t\t\t\t<form class=\"elementor-form\" method=\"post\" name=\"New Form\" aria-label=\"New Form\">\n\t\t\t<input type=\"hidden\" name=\"post_id\" value=\"88\"\/>\n\t\t\t<input type=\"hidden\" name=\"form_id\" value=\"6005de8\"\/>\n\t\t\t<input type=\"hidden\" name=\"referer_title\" value=\"\" \/>\n\n\t\t\t\t\t\t\t<input type=\"hidden\" name=\"queried_id\" value=\"88\"\/>\n\t\t\t\n\t\t\t<div class=\"elementor-form-fields-wrapper elementor-labels-above\">\n\t\t\t\t\t\t\t\t<div class=\"elementor-field-type-text elementor-field-group elementor-column elementor-field-group-name elementor-col-100\">\n\t\t\t\t\t\t\t\t\t\t\t\t<label for=\"form-field-name\" class=\"elementor-field-label\">\n\t\t\t\t\t\t\t\tName\t\t\t\t\t\t\t<\/label>\n\t\t\t\t\t\t\t\t\t\t\t\t\t\t<input size=\"1\" type=\"text\" name=\"form_fields[name]\" id=\"form-field-name\" class=\"elementor-field elementor-size-sm  elementor-field-textual\" placeholder=\"Name\">\n\t\t\t\t\t\t\t\t\t\t\t<\/div>\n\t\t\t\t\t\t\t\t<div class=\"elementor-field-type-email elementor-field-group elementor-column elementor-field-group-email elementor-col-100 elementor-field-required\">\n\t\t\t\t\t\t\t\t\t\t\t\t<label for=\"form-field-email\" class=\"elementor-field-label\">\n\t\t\t\t\t\t\t\tEmail\t\t\t\t\t\t\t<\/label>\n\t\t\t\t\t\t\t\t\t\t\t\t\t\t<input size=\"1\" type=\"email\" name=\"form_fields[email]\" id=\"form-field-email\" class=\"elementor-field elementor-size-sm  elementor-field-textual\" placeholder=\"Email\" required=\"required\">\n\t\t\t\t\t\t\t\t\t\t\t<\/div>\n\t\t\t\t\t\t\t\t<div class=\"elementor-field-type-textarea elementor-field-group elementor-column elementor-field-group-message elementor-col-100\">\n\t\t\t\t\t\t\t\t\t\t\t\t<label for=\"form-field-message\" class=\"elementor-field-label\">\n\t\t\t\t\t\t\t\tMessage\t\t\t\t\t\t\t<\/label>\n\t\t\t\t\t\t<textarea class=\"elementor-field-textual elementor-field  elementor-size-sm\" name=\"form_fields[message]\" id=\"form-field-message\" rows=\"4\" placeholder=\"Message\"><\/textarea>\t\t\t\t<\/div>\n\t\t\t\t\t\t\t\t<div class=\"elementor-field-group elementor-column elementor-field-type-submit elementor-col-100 e-form__buttons\">\n\t\t\t\t\t<button class=\"elementor-button elementor-size-sm\" type=\"submit\">\n\t\t\t\t\t\t<span class=\"elementor-button-content-wrapper\">\n\t\t\t\t\t\t\t\t\t\t\t\t\t\t\t\t\t\t\t\t\t\t<span class=\"elementor-button-text\">Send<\/span>\n\t\t\t\t\t\t\t\t\t\t\t\t\t<\/span>\n\t\t\t\t\t<\/button>\n\t\t\t\t<\/div>\n\t\t\t<\/div>\n\t\t<\/form>\n\t\t\t\t\t\t<\/div>\n\t\t\t\t<\/div>\n\t\t\t\t\t<\/div>\n\t\t<\/div>\n\t\t\t\t\t<\/div>\n\t\t<\/section>\n\t\t\t\t<\/div>\n\t\t","protected":false},"excerpt":{"rendered":"<p>\u00dcdv\u00f6z\u00f6lj\u00fck a honlapunkon! C\u00e9g\u00fcnket 1995-ben alap\u00edtottuk, az\u00f3ta foglalkozunk sz\u00e1mviteli, ad\u00f3z\u00e1si feladatok elv\u00e9gz\u00e9s\u00e9vel m\u00e1s v\u00e1llalkoz\u00e1sok, szervezetek sz\u00e1m\u00e1ra. Jelenlegi szolg\u00e1ltat\u00e1si k\u00f6r\u00fcnk enn\u00e9l sokkal b\u0151vebb, c\u00e9lunk seg\u00edteni a c\u00e9gvezet\u0151ket minden oldalr\u00f3l. Amennyiben \u00fagy gondolja, egy j\u00f3 csapattal k\u00f6nnyebben oldhatja meg feladatait, n\u00e9zzen k\u00f6r\u00fcl n\u00e1lunk. K\u00f6zel 40 \u00e9ves tapasztalattal \u00e9s nagy szak\u00e9rtelemmel tudjuk az \u00d6n munk\u00e1j\u00e1t t\u00e1mogatni. C\u00e9gvezet\u0151nek lenni [&hellip;]<\/p>\n","protected":false},"author":1,"featured_media":0,"parent":0,"menu_order":0,"comment_status":"closed","ping_status":"closed","template":"elementor_header_footer","meta":{"footnotes":""},"class_list":["post-88","page","type-page","status-publish","hentry"],"_links":{"self":[{"href":"https:\/\/vetkonyvelo.hu\/Uj\/index.php\/wp-json\/wp\/v2\/pages\/88","targetHints":{"allow":["GET"]}}],"collection":[{"href":"https:\/\/vetkonyvelo.hu\/Uj\/index.php\/wp-json\/wp\/v2\/pages"}],"about":[{"href":"https:\/\/vetkonyvelo.hu\/Uj\/index.php\/wp-json\/wp\/v2\/types\/page"}],"author":[{"embeddable":true,"href":"https:\/\/vetkonyvelo.hu\/Uj\/index.php\/wp-json\/wp\/v2\/users\/1"}],"replies":[{"embeddable":true,"href":"https:\/\/vetkonyvelo.hu\/Uj\/index.php\/wp-json\/wp\/v2\/comments?post=88"}],"version-history":[{"count":28,"href":"https:\/\/vetkonyvelo.hu\/Uj\/index.php\/wp-json\/wp\/v2\/pages\/88\/revisions"}],"predecessor-version":[{"id":378,"href":"https:\/\/vetkonyvelo.hu\/Uj\/index.php\/wp-json\/wp\/v2\/pages\/88\/revisions\/378"}],"wp:attachment":[{"href":"https:\/\/vetkonyvelo.hu\/Uj\/index.php\/wp-json\/wp\/v2\/media?parent=88"}],"curies":[{"name":"wp","href":"https:\/\/api.w.org\/{rel}","templated":true}]}}