{"id":149,"date":"2022-07-20T19:51:06","date_gmt":"2022-07-20T19:51:06","guid":{"rendered":"https:\/\/vetkonyvelo.hu\/Uj\/?page_id=149"},"modified":"2025-09-21T15:52:00","modified_gmt":"2025-09-21T15:52:00","slug":"feltoltodes","status":"publish","type":"page","link":"https:\/\/vetkonyvelo.hu\/Uj\/index.php\/feltoltodes\/","title":{"rendered":"Felt\u00f6lt\u0151d\u00e9s"},"content":{"rendered":"\t\t<div data-elementor-type=\"wp-page\" data-elementor-id=\"149\" class=\"elementor elementor-149\" data-elementor-post-type=\"page\">\n\t\t\t\t\t\t<section class=\"elementor-section elementor-top-section elementor-element elementor-element-28b8d37 elementor-section-boxed elementor-section-height-default elementor-section-height-default\" data-id=\"28b8d37\" data-element_type=\"section\" data-e-type=\"section\">\n\t\t\t\t\t\t<div class=\"elementor-container elementor-column-gap-default\">\n\t\t\t\t\t<div class=\"elementor-column elementor-col-100 elementor-top-column elementor-element elementor-element-3c9cdaf\" data-id=\"3c9cdaf\" data-element_type=\"column\" data-e-type=\"column\">\n\t\t\t<div class=\"elementor-widget-wrap elementor-element-populated\">\n\t\t\t\t\t\t<div class=\"elementor-element elementor-element-99f8395 elementor-widget elementor-widget-heading\" data-id=\"99f8395\" data-element_type=\"widget\" data-e-type=\"widget\" data-widget_type=\"heading.default\">\n\t\t\t\t<div class=\"elementor-widget-container\">\n\t\t\t\t\t<h2 class=\"elementor-heading-title elementor-size-default\">Zand\u00edr-h\u00e1z... Egy hely, ahol a m\u00falt \u00e9s a j\u00f6v\u0151 tal\u00e1lkozik.<\/h2>\t\t\t\t<\/div>\n\t\t\t\t<\/div>\n\t\t\t\t\t<\/div>\n\t\t<\/div>\n\t\t\t\t\t<\/div>\n\t\t<\/section>\n\t\t\t\t<section class=\"elementor-section elementor-top-section elementor-element elementor-element-1331813 elementor-section-boxed elementor-section-height-default elementor-section-height-default\" data-id=\"1331813\" data-element_type=\"section\" data-e-type=\"section\">\n\t\t\t\t\t\t<div class=\"elementor-container elementor-column-gap-default\">\n\t\t\t\t\t<div class=\"elementor-column elementor-col-100 elementor-top-column elementor-element elementor-element-27ba350\" data-id=\"27ba350\" data-element_type=\"column\" data-e-type=\"column\">\n\t\t\t<div class=\"elementor-widget-wrap elementor-element-populated\">\n\t\t\t\t\t\t<div class=\"elementor-element elementor-element-19a7e2f elementor-widget elementor-widget-text-editor\" data-id=\"19a7e2f\" data-element_type=\"widget\" data-e-type=\"widget\" data-widget_type=\"text-editor.default\">\n\t\t\t\t<div class=\"elementor-widget-container\">\n\t\t\t\t\t\t\t\t\t<p>A Zand\u00edr-h\u00e1z t\u00f6rt\u00e9nete:<br \/>2022 febru\u00e1rj\u00e1ban pillantottuk meg el\u0151sz\u00f6r a birtokot. Abban a percben<br \/>tudtuk: ez a hely a mi\u00e9nk lesz. Nem puszt\u00e1n egy f\u00f6lddarabot l\u00e1ttunk,<br \/>hanem a benne rejl\u0151 lehet\u0151s\u00e9geket, a k\u00fcl\u00f6nlegess\u00e9g\u00e9t, azt a saj\u00e1tos<br \/>atmoszf\u00e9r\u00e1t, ami azonnal megsz\u00f3l\u00edtotta a sz\u00edv\u00fcnket.<br \/>Egy ilyen k\u00fcl\u00f6nleges helyhez m\u00e9lt\u00f3 n\u00e9v kellett. \u00cdgy tal\u00e1ltunk r\u00e1 Zand\u00edr<br \/>alakj\u00e1ra Barab\u00e1si L\u00e1szl\u00f3 \u00edr\u00e1saiban: a sz\u00e9kelys\u00e9g vez\u00e9r\u00e9re, aki \u00f6sszefogta<br \/>a t\u00f6rzseket, \u00e9s akinek neve a sz\u00f6vets\u00e9g, az er\u0151 \u00e9s a k\u00f6z\u00f6ss\u00e9g \u0151rz\u00e9s\u00e9t<br \/>id\u00e9zi. B\u00e1r a tudom\u00e1nyos forr\u00e1sok nem k\u00f6tik a S\u00e1ndor n\u00e9vhez, sz\u00e1munkra<br \/>a Zand\u00edr a \u201ef\u00e9ny \u0151rz\u0151je\u201d lett \u2013 egy jelk\u00e9p, amely a hagyom\u00e1ny, az<br \/>\u00f6sszetart\u00e1s \u00e9s a hit f\u00e1kly\u00e1j\u00e1t viszi tov\u00e1bb.<br \/>\u00cdgy sz\u00fcletett meg a Zand\u00edr h\u00e1z: nem csup\u00e1n \u00e9p\u00fclet \u00e9s f\u00f6ld, hanem<br \/>szellemi \u00e9s lelki otthon. Olyan hely, ahol m\u00falt \u00e9s j\u00f6v\u0151 tal\u00e1lkozik, ahol<br \/>csal\u00e1d, k\u00f6z\u00f6ss\u00e9g \u00e9s hagyom\u00e1ny \u00faj er\u0151t mer\u00edthet. Ahol az emberek<br \/>r\u00e1lelhetnek a m\u00faltjukra \u00e9s a j\u00f6v\u0151j\u00fckre.<\/p><p>K\u00edv\u00e1ncsi vagy? Vedd fel vel\u00fcnk a kapcsolatot!<\/p>\t\t\t\t\t\t\t\t<\/div>\n\t\t\t\t<\/div>\n\t\t\t\t\t<\/div>\n\t\t<\/div>\n\t\t\t\t\t<\/div>\n\t\t<\/section>\n\t\t\t\t<section class=\"elementor-section elementor-top-section elementor-element elementor-element-5db03b8 elementor-section-boxed elementor-section-height-default elementor-section-height-default\" data-id=\"5db03b8\" data-element_type=\"section\" data-e-type=\"section\">\n\t\t\t\t\t\t<div class=\"elementor-container elementor-column-gap-default\">\n\t\t\t\t\t<div class=\"elementor-column elementor-col-100 elementor-top-column elementor-element elementor-element-52c8f39\" data-id=\"52c8f39\" data-element_type=\"column\" data-e-type=\"column\">\n\t\t\t<div class=\"elementor-widget-wrap elementor-element-populated\">\n\t\t\t\t\t\t<div class=\"elementor-element elementor-element-07bda3b elementor-widget elementor-widget-heading\" data-id=\"07bda3b\" data-element_type=\"widget\" data-e-type=\"widget\" data-widget_type=\"heading.default\">\n\t\t\t\t<div class=\"elementor-widget-container\">\n\t\t\t\t\t<h2 class=\"elementor-heading-title elementor-size-default\">K\u00fcl\u00f6nleges kikapcsol\u00f3d\u00e1ssal v\u00e1rjuk eg\u00e9sz \u00e9vben!<\/h2>\t\t\t\t<\/div>\n\t\t\t\t<\/div>\n\t\t\t\t\t<\/div>\n\t\t<\/div>\n\t\t\t\t\t<\/div>\n\t\t<\/section>\n\t\t\t\t<section class=\"elementor-section elementor-top-section elementor-element elementor-element-cb0cb77 elementor-section-boxed elementor-section-height-default elementor-section-height-default\" data-id=\"cb0cb77\" data-element_type=\"section\" data-e-type=\"section\">\n\t\t\t\t\t\t<div class=\"elementor-container elementor-column-gap-default\">\n\t\t\t\t\t<div class=\"elementor-column elementor-col-33 elementor-top-column elementor-element elementor-element-ce37df6\" data-id=\"ce37df6\" data-element_type=\"column\" data-e-type=\"column\">\n\t\t\t<div class=\"elementor-widget-wrap elementor-element-populated\">\n\t\t\t\t\t\t<div class=\"elementor-element elementor-element-3def061 elementor-widget elementor-widget-text-editor\" data-id=\"3def061\" data-element_type=\"widget\" data-e-type=\"widget\" data-widget_type=\"text-editor.default\">\n\t\t\t\t<div class=\"elementor-widget-container\">\n\t\t\t\t\t\t\t\t\t<p>Szeretettel v\u00e1runk Holl\u00f3k\u0151n \u00e9s Sz\u00e9cs\u00e9nyben!<\/p><p>K\u00e9pzeld el, ahogy egy hangulatos borospinc\u00e9ben, egy poh\u00e1r finom bor mellett citerazen\u00e9t hallgatva \u00fclsz egy bar\u00e1ti t\u00e1rsas\u00e1gban, nem rohansz sehova, semmit sem kell elint\u00e9zned, az \u00f6sszes feladatod az, hogy j\u00f3l \u00e9rezd magad! Ehhez nem kell t\u00f6bb ezer kilom\u00e9tert megtenned, el\u00e9g, ha elj\u00f6ssz hozz\u00e1nk N\u00f3gr\u00e1d v\u00e1rmegy\u00e9be! Lehet, hogy nem is tudsz r\u00f3la, de Holl\u00f3k\u0151 a 9. helyen van Magyarorsz\u00e1g legl\u00e1togatottabb turisztikai l\u00e1tv\u00e1nyoss\u00e1gai k\u00f6z\u00f6tt. (csodamagyarorszag.hu https:\/\/csodalatosmagyarorszag.hu\/hirek\/itthon\/a-20-legszebb-latnivalo-magyarorszagon\/)<\/p><p>Szeretn\u00e9l egy hagyom\u00e1ny\u0151rz\u0151 lovasbemutat\u00f3t testk\u00f6zelb\u0151l megn\u00e9zni? Vagy kipr\u00f3b\u00e1ln\u00e1d a magyarok \u0151si, f\u00e9lelmet kelt\u0151 visszacsap\u00f3 \u00edj\u00e1t? Esetleg a karik\u00e1s ostor haszn\u00e1lat\u00e1t akarod megtanulni?\u00a0<\/p><p>Vagy csak r\u00e1csod\u00e1lkozn\u00e1l arra, ahogy a holl\u00f3k\u0151i v\u00e1r m\u00f6g\u00e9 lenyugv\u00f3 nap sugarai v\u00f6r\u00f6sre festik a k\u00f6rny\u00e9k erd\u0151it?<\/p><p>Ezek, \u00e9s m\u00e9g sok m\u00e1s, nem szokv\u00e1nyos, nem mindennapi \u00e9lm\u00e9ny v\u00e1r, ha ell\u00e1togatsz fel\u00e9nk!<\/p><p>V\u00e1runk szeretettel!<\/p><p>\u00c9rdekl\u0151dni a K\u00f6zvetlen \u00fczenetk\u00fcld\u00e9ssel, vagy a Kapcsolatok oldalon l\u00e9v\u0151 el\u00e9rhet\u0151s\u00e9geinken tudsz.\u00a0<\/p>\t\t\t\t\t\t\t\t<\/div>\n\t\t\t\t<\/div>\n\t\t\t\t\t<\/div>\n\t\t<\/div>\n\t\t\t\t<div class=\"elementor-column elementor-col-66 elementor-top-column elementor-element elementor-element-3e84e6b\" data-id=\"3e84e6b\" data-element_type=\"column\" data-e-type=\"column\">\n\t\t\t<div class=\"elementor-widget-wrap elementor-element-populated\">\n\t\t\t\t\t\t<div class=\"elementor-element elementor-element-245d1ba elementor-widget elementor-widget-image\" data-id=\"245d1ba\" data-element_type=\"widget\" data-e-type=\"widget\" data-widget_type=\"image.default\">\n\t\t\t\t<div class=\"elementor-widget-container\">\n\t\t\t\t\t\t\t\t\t\t\t\t\t\t\t<img fetchpriority=\"high\" decoding=\"async\" width=\"650\" height=\"1024\" src=\"https:\/\/vetkonyvelo.hu\/Uj\/wp-content\/uploads\/2022\/07\/43828894_2475197229172154_3812537641392406528_n-650x1024.jpg\" class=\"attachment-large size-large wp-image-103\" alt=\"\" srcset=\"https:\/\/vetkonyvelo.hu\/Uj\/wp-content\/uploads\/2022\/07\/43828894_2475197229172154_3812537641392406528_n-650x1024.jpg 650w, https:\/\/vetkonyvelo.hu\/Uj\/wp-content\/uploads\/2022\/07\/43828894_2475197229172154_3812537641392406528_n-190x300.jpg 190w, https:\/\/vetkonyvelo.hu\/Uj\/wp-content\/uploads\/2022\/07\/43828894_2475197229172154_3812537641392406528_n.jpg 756w\" sizes=\"(max-width: 650px) 100vw, 650px\" \/>\t\t\t\t\t\t\t\t\t\t\t\t\t\t\t<\/div>\n\t\t\t\t<\/div>\n\t\t\t\t\t<\/div>\n\t\t<\/div>\n\t\t\t\t\t<\/div>\n\t\t<\/section>\n\t\t\t\t<section class=\"elementor-section elementor-top-section elementor-element elementor-element-cdebcaf elementor-section-boxed elementor-section-height-default elementor-section-height-default\" data-id=\"cdebcaf\" data-element_type=\"section\" data-e-type=\"section\">\n\t\t\t\t\t\t<div class=\"elementor-container elementor-column-gap-default\">\n\t\t\t\t\t<div class=\"elementor-column elementor-col-100 elementor-top-column elementor-element elementor-element-d464f28\" data-id=\"d464f28\" data-element_type=\"column\" data-e-type=\"column\">\n\t\t\t<div class=\"elementor-widget-wrap elementor-element-populated\">\n\t\t\t\t\t\t<div class=\"elementor-element elementor-element-41c3c2d elementor-widget elementor-widget-heading\" data-id=\"41c3c2d\" data-element_type=\"widget\" data-e-type=\"widget\" data-widget_type=\"heading.default\">\n\t\t\t\t<div class=\"elementor-widget-container\">\n\t\t\t\t\t<h2 class=\"elementor-heading-title elementor-size-default\">K\u00f6zvetlen \u00fczenetk\u00fcld\u00e9s ITT:<\/h2>\t\t\t\t<\/div>\n\t\t\t\t<\/div>\n\t\t\t\t\t<\/div>\n\t\t<\/div>\n\t\t\t\t\t<\/div>\n\t\t<\/section>\n\t\t\t\t<section class=\"elementor-section elementor-top-section elementor-element elementor-element-973cd85 elementor-section-boxed elementor-section-height-default elementor-section-height-default\" data-id=\"973cd85\" data-element_type=\"section\" data-e-type=\"section\">\n\t\t\t\t\t\t<div class=\"elementor-container elementor-column-gap-default\">\n\t\t\t\t\t<div class=\"elementor-column elementor-col-100 elementor-top-column elementor-element elementor-element-c6f55ce\" data-id=\"c6f55ce\" data-element_type=\"column\" data-e-type=\"column\">\n\t\t\t<div class=\"elementor-widget-wrap elementor-element-populated\">\n\t\t\t\t\t\t<div class=\"elementor-element elementor-element-5498baf elementor-button-align-stretch elementor-widget elementor-widget-form\" data-id=\"5498baf\" data-element_type=\"widget\" data-e-type=\"widget\" data-settings=\"{&quot;step_next_label&quot;:&quot;K\\u00f6vetkez\\u0151&quot;,&quot;step_previous_label&quot;:&quot;El\\u0151z\\u0151&quot;,&quot;button_width&quot;:&quot;100&quot;,&quot;step_type&quot;:&quot;number_text&quot;,&quot;step_icon_shape&quot;:&quot;circle&quot;}\" data-widget_type=\"form.default\">\n\t\t\t\t<div class=\"elementor-widget-container\">\n\t\t\t\t\t\t\t<form class=\"elementor-form\" method=\"post\" name=\"\u00daj \u0171rlap\" aria-label=\"\u00daj \u0171rlap\">\n\t\t\t<input type=\"hidden\" name=\"post_id\" value=\"149\"\/>\n\t\t\t<input type=\"hidden\" name=\"form_id\" value=\"5498baf\"\/>\n\t\t\t<input type=\"hidden\" name=\"referer_title\" value=\"Felt\u00f6lt\u0151d\u00e9s\" \/>\n\n\t\t\t\t\t\t\t<input type=\"hidden\" name=\"queried_id\" value=\"149\"\/>\n\t\t\t\n\t\t\t<div class=\"elementor-form-fields-wrapper elementor-labels-above\">\n\t\t\t\t\t\t\t\t<div class=\"elementor-field-type-text elementor-field-group elementor-column elementor-field-group-name elementor-col-100\">\n\t\t\t\t\t\t\t\t\t\t\t\t<label for=\"form-field-name\" class=\"elementor-field-label\">\n\t\t\t\t\t\t\t\tN\u00e9v\t\t\t\t\t\t\t<\/label>\n\t\t\t\t\t\t\t\t\t\t\t\t\t\t<input size=\"1\" type=\"text\" name=\"form_fields[name]\" id=\"form-field-name\" class=\"elementor-field elementor-size-sm  elementor-field-textual\" placeholder=\"N\u00e9v\">\n\t\t\t\t\t\t\t\t\t\t\t<\/div>\n\t\t\t\t\t\t\t\t<div class=\"elementor-field-type-email elementor-field-group elementor-column elementor-field-group-email elementor-col-100 elementor-field-required\">\n\t\t\t\t\t\t\t\t\t\t\t\t<label for=\"form-field-email\" class=\"elementor-field-label\">\n\t\t\t\t\t\t\t\tEmail\t\t\t\t\t\t\t<\/label>\n\t\t\t\t\t\t\t\t\t\t\t\t\t\t<input size=\"1\" type=\"email\" name=\"form_fields[email]\" id=\"form-field-email\" class=\"elementor-field elementor-size-sm  elementor-field-textual\" placeholder=\"Email\" required=\"required\">\n\t\t\t\t\t\t\t\t\t\t\t<\/div>\n\t\t\t\t\t\t\t\t<div class=\"elementor-field-type-textarea elementor-field-group elementor-column elementor-field-group-message elementor-col-100\">\n\t\t\t\t\t\t\t\t\t\t\t\t<label for=\"form-field-message\" class=\"elementor-field-label\">\n\t\t\t\t\t\t\t\t\u00dczenet\t\t\t\t\t\t\t<\/label>\n\t\t\t\t\t\t<textarea class=\"elementor-field-textual elementor-field  elementor-size-sm\" name=\"form_fields[message]\" id=\"form-field-message\" rows=\"4\" placeholder=\"\u00dczenet\"><\/textarea>\t\t\t\t<\/div>\n\t\t\t\t\t\t\t\t<div class=\"elementor-field-group elementor-column elementor-field-type-submit elementor-col-100 e-form__buttons\">\n\t\t\t\t\t<button class=\"elementor-button elementor-size-sm\" type=\"submit\">\n\t\t\t\t\t\t<span class=\"elementor-button-content-wrapper\">\n\t\t\t\t\t\t\t\t\t\t\t\t\t\t\t\t\t\t\t\t\t\t<span class=\"elementor-button-text\">K\u00fcld\u00e9s<\/span>\n\t\t\t\t\t\t\t\t\t\t\t\t\t<\/span>\n\t\t\t\t\t<\/button>\n\t\t\t\t<\/div>\n\t\t\t<\/div>\n\t\t<\/form>\n\t\t\t\t\t\t<\/div>\n\t\t\t\t<\/div>\n\t\t\t\t\t<\/div>\n\t\t<\/div>\n\t\t\t\t\t<\/div>\n\t\t<\/section>\n\t\t\t\t<\/div>\n\t\t","protected":false},"excerpt":{"rendered":"<p>Zand\u00edr-h\u00e1z&#8230; Egy hely, ahol a m\u00falt \u00e9s a j\u00f6v\u0151 tal\u00e1lkozik. A Zand\u00edr-h\u00e1z t\u00f6rt\u00e9nete:2022 febru\u00e1rj\u00e1ban pillantottuk meg el\u0151sz\u00f6r a birtokot. Abban a percbentudtuk: ez a hely a mi\u00e9nk lesz. Nem puszt\u00e1n egy f\u00f6lddarabot l\u00e1ttunk,hanem a benne rejl\u0151 lehet\u0151s\u00e9geket, a k\u00fcl\u00f6nlegess\u00e9g\u00e9t, azt a saj\u00e1tosatmoszf\u00e9r\u00e1t, ami azonnal megsz\u00f3l\u00edtotta a sz\u00edv\u00fcnket.Egy ilyen k\u00fcl\u00f6nleges helyhez m\u00e9lt\u00f3 n\u00e9v kellett. \u00cdgy tal\u00e1ltunk [&hellip;]<\/p>\n","protected":false},"author":1,"featured_media":0,"parent":0,"menu_order":0,"comment_status":"closed","ping_status":"closed","template":"elementor_header_footer","meta":{"footnotes":""},"class_list":["post-149","page","type-page","status-publish","hentry"],"_links":{"self":[{"href":"https:\/\/vetkonyvelo.hu\/Uj\/index.php\/wp-json\/wp\/v2\/pages\/149","targetHints":{"allow":["GET"]}}],"collection":[{"href":"https:\/\/vetkonyvelo.hu\/Uj\/index.php\/wp-json\/wp\/v2\/pages"}],"about":[{"href":"https:\/\/vetkonyvelo.hu\/Uj\/index.php\/wp-json\/wp\/v2\/types\/page"}],"author":[{"embeddable":true,"href":"https:\/\/vetkonyvelo.hu\/Uj\/index.php\/wp-json\/wp\/v2\/users\/1"}],"replies":[{"embeddable":true,"href":"https:\/\/vetkonyvelo.hu\/Uj\/index.php\/wp-json\/wp\/v2\/comments?post=149"}],"version-history":[{"count":100,"href":"https:\/\/vetkonyvelo.hu\/Uj\/index.php\/wp-json\/wp\/v2\/pages\/149\/revisions"}],"predecessor-version":[{"id":423,"href":"https:\/\/vetkonyvelo.hu\/Uj\/index.php\/wp-json\/wp\/v2\/pages\/149\/revisions\/423"}],"wp:attachment":[{"href":"https:\/\/vetkonyvelo.hu\/Uj\/index.php\/wp-json\/wp\/v2\/media?parent=149"}],"curies":[{"name":"wp","href":"https:\/\/api.w.org\/{rel}","templated":true}]}}