{"id":124,"date":"2022-07-20T19:25:37","date_gmt":"2022-07-20T19:25:37","guid":{"rendered":"https:\/\/vetkonyvelo.hu\/Uj\/?page_id=124"},"modified":"2024-12-19T17:33:35","modified_gmt":"2024-12-19T17:33:35","slug":"szamviteli-szolgaltatasok","status":"publish","type":"page","link":"https:\/\/vetkonyvelo.hu\/Uj\/index.php\/szamviteli-szolgaltatasok\/","title":{"rendered":"Sz\u00e1mviteli szolg\u00e1ltat\u00e1sok"},"content":{"rendered":"\t\t<div data-elementor-type=\"wp-page\" data-elementor-id=\"124\" class=\"elementor elementor-124\" data-elementor-post-type=\"page\">\n\t\t\t\t\t\t<section class=\"elementor-section elementor-top-section elementor-element elementor-element-008ed2d elementor-section-boxed elementor-section-height-default elementor-section-height-default\" data-id=\"008ed2d\" data-element_type=\"section\" data-e-type=\"section\">\n\t\t\t\t\t\t<div class=\"elementor-container elementor-column-gap-default\">\n\t\t\t\t\t<div class=\"elementor-column elementor-col-100 elementor-top-column elementor-element elementor-element-96e7265\" data-id=\"96e7265\" data-element_type=\"column\" data-e-type=\"column\">\n\t\t\t<div class=\"elementor-widget-wrap elementor-element-populated\">\n\t\t\t\t\t\t<div class=\"elementor-element elementor-element-8c9b203 elementor-widget elementor-widget-heading\" data-id=\"8c9b203\" data-element_type=\"widget\" data-e-type=\"widget\" data-widget_type=\"heading.default\">\n\t\t\t\t<div class=\"elementor-widget-container\">\n\t\t\t\t\t<h2 class=\"elementor-heading-title elementor-size-default\">Szolg\u00e1ltat\u00e1saink ezen a ter\u00fcleten:<\/h2>\t\t\t\t<\/div>\n\t\t\t\t<\/div>\n\t\t\t\t\t<\/div>\n\t\t<\/div>\n\t\t\t\t\t<\/div>\n\t\t<\/section>\n\t\t\t\t<section class=\"elementor-section elementor-top-section elementor-element elementor-element-af29b6c elementor-section-boxed elementor-section-height-default elementor-section-height-default\" data-id=\"af29b6c\" data-element_type=\"section\" data-e-type=\"section\">\n\t\t\t\t\t\t<div class=\"elementor-container elementor-column-gap-default\">\n\t\t\t\t\t<div class=\"elementor-column elementor-col-100 elementor-top-column elementor-element elementor-element-91f1423\" data-id=\"91f1423\" data-element_type=\"column\" data-e-type=\"column\">\n\t\t\t<div class=\"elementor-widget-wrap elementor-element-populated\">\n\t\t\t\t\t\t<div class=\"elementor-element elementor-element-e5e9daa elementor-widget elementor-widget-toggle\" data-id=\"e5e9daa\" data-element_type=\"widget\" data-e-type=\"widget\" data-widget_type=\"toggle.default\">\n\t\t\t\t<div class=\"elementor-widget-container\">\n\t\t\t\t\t\t\t<div class=\"elementor-toggle\">\n\t\t\t\t\t\t\t<div class=\"elementor-toggle-item\">\n\t\t\t\t\t<div id=\"elementor-tab-title-2411\" class=\"elementor-tab-title\" data-tab=\"1\" role=\"button\" aria-controls=\"elementor-tab-content-2411\" aria-expanded=\"false\">\n\t\t\t\t\t\t\t\t\t\t\t\t<span class=\"elementor-toggle-icon elementor-toggle-icon-left\" aria-hidden=\"true\">\n\t\t\t\t\t\t\t\t\t\t\t\t\t\t\t<span class=\"elementor-toggle-icon-closed\"><i class=\"fas fa-caret-right\"><\/i><\/span>\n\t\t\t\t\t\t\t\t<span class=\"elementor-toggle-icon-opened\"><i class=\"elementor-toggle-icon-opened fas fa-caret-up\"><\/i><\/span>\n\t\t\t\t\t\t\t\t\t\t\t\t\t<\/span>\n\t\t\t\t\t\t\t\t\t\t\t\t<a class=\"elementor-toggle-title\" tabindex=\"0\">Sz\u00e1mviteli szolg\u00e1ltat\u00e1saink<\/a>\n\t\t\t\t\t<\/div>\n\n\t\t\t\t\t<div id=\"elementor-tab-content-2411\" class=\"elementor-tab-content elementor-clearfix\" data-tab=\"1\" role=\"region\" aria-labelledby=\"elementor-tab-title-2411\"><p>Sz\u00e1mviteli szolg\u00e1ltat\u00e1sunk egy\u00e9rtelm\u0171en a legr\u00e9gebbi tev\u00e9kenys\u00e9geink egyike. Mindig is b\u00fcszk\u00e9k voltunk arra, hogy igyekezt\u00fcnk a leg\u00fajabb technikai fejleszt\u00e9seket alkalmazni \u00fagy, hogy az jav\u00edtsa a lehet\u0151s\u00e9geket, de ne menjen a stabilit\u00e1s k\u00e1r\u00e1ra. Jelenleg az adatr\u00f6gz\u00edt\u00e9s jelent\u0151s r\u00e9sz\u00e9n\u00e9l az \u00e9l\u0151munk\u00e1t kiv\u00e1ltottuk a szoftveres megold\u00e1sokkal, evvel nem elhanyagolhat\u00f3 m\u00f3don lecs\u00f6kkentve a pap\u00edrok, dokumentumok kezel\u00e9s\u00e9nek sz\u00fcks\u00e9gess\u00e9g\u00e9t is.<\/p><p>Ne felejts\u00fck el: egy j\u00f3 k\u00f6nyvel\u0151 sokkal t\u00f6bb, mint egy gyors, pontos, adatokat kezel\u0151 szem\u00e9ly! Egy j\u00f3 k\u00f6nyvel\u0151 egy olyan szakember, aki nagyon sokat tud tan\u00e1csaival, tud\u00e1s\u00e1val, tapasztalataival seg\u00edteni a c\u00e9gvezet\u0151nek. Egy szakember, akit \u00e9rdemes megtal\u00e1lni!<\/p><p>V\u00e1llalkoz\u00e1sunk alapvet\u0151en a Kulcs-Szoft Kft k\u00f6nyvel\u0151programj\u00e1t alkalmazza, de partnereink ig\u00e9ny\u00e9nek megfelelve SAP, Microsoft Navision, QAD, \u00e9s egy\u00e9b szoftverek haszn\u00e1lat\u00e1ra is be vagyunk rendezkedve.<\/p><p>A legt\u00f6bb c\u00e9gn\u00e9l teljesk\u00f6r\u0171 sz\u00e1mviteli feladat ell\u00e1t\u00e1s\u00e1ra k\u00e9rnek fel minket, de adott esetben r\u00e9szter\u00fcletek fel\u00fcgyelet\u00e9t vagy v\u00e9gz\u00e9s\u00e9t is v\u00e1llaljuk. \u00cdgy van, ahol f\u0151k\u00f6nyvel\u0151i munk\u00e1kat v\u00e9gz\u00fcnk az adott c\u00e9g saj\u00e1t k\u00f6nyvel\u0151 munkat\u00e1rsai mellett.<\/p><p>C\u00e9lunk itt is a c\u00e9gvezet\u00e9s olyan jelleg\u0171 kiszolg\u00e1l\u00e1sa, ami val\u00f3ban seg\u00edti a munk\u00e1j\u00e1t, an\u00e9lk\u00fcl, hogy felesleges dupl\u00e1z\u00f3d\u00e1sok t\u00f6rt\u00e9nn\u00e9nek.<\/p><\/div>\n\t\t\t\t<\/div>\n\t\t\t\t\t\t\t<div class=\"elementor-toggle-item\">\n\t\t\t\t\t<div id=\"elementor-tab-title-2412\" class=\"elementor-tab-title\" data-tab=\"2\" role=\"button\" aria-controls=\"elementor-tab-content-2412\" aria-expanded=\"false\">\n\t\t\t\t\t\t\t\t\t\t\t\t<span class=\"elementor-toggle-icon elementor-toggle-icon-left\" aria-hidden=\"true\">\n\t\t\t\t\t\t\t\t\t\t\t\t\t\t\t<span class=\"elementor-toggle-icon-closed\"><i class=\"fas fa-caret-right\"><\/i><\/span>\n\t\t\t\t\t\t\t\t<span class=\"elementor-toggle-icon-opened\"><i class=\"elementor-toggle-icon-opened fas fa-caret-up\"><\/i><\/span>\n\t\t\t\t\t\t\t\t\t\t\t\t\t<\/span>\n\t\t\t\t\t\t\t\t\t\t\t\t<a class=\"elementor-toggle-title\" tabindex=\"0\">B\u00e9rsz\u00e1mfejt\u00e9s<\/a>\n\t\t\t\t\t<\/div>\n\n\t\t\t\t\t<div id=\"elementor-tab-content-2412\" class=\"elementor-tab-content elementor-clearfix\" data-tab=\"2\" role=\"region\" aria-labelledby=\"elementor-tab-title-2412\"><p>Aki m\u00e1r pr\u00f3b\u00e1lt j\u00f3 megold\u00e1st tal\u00e1lni erre a feladatra, az tudja, hogy ez &#8211; a sokszor mostohagyerekk\u00e9nt kezelt ter\u00fclet &#8211; mennyi bossz\u00fas\u00e1got, fesz\u00fclts\u00e9get, \u00e9s sokszor sajnos t\u00e9nyleges anyagi vesztes\u00e9get k\u00e9pes okozni nem megfelel\u0151 szakismeret eset\u00e9n.<\/p><p>Munkat\u00e1rsaink tapasztalt, nagy szakmai hozz\u00e1\u00e9rt\u00e9ssel \u00e9s kimagasl\u00f3 seg\u00edt\u0151 sz\u00e1nd\u00e9kkal keresik meg az adott helyzetre legjobb megold\u00e1sokat, komoly seg\u00edts\u00e9get ny\u00fajtva a c\u00e9g m\u0171k\u00f6dtet\u00e9s\u00e9hez.<\/p><p>A b\u00e9rsz\u00e1mfejt\u00e9si munka legt\u00f6bbsz\u00f6r a sz\u00e1mviteli, ad\u00f3z\u00e1si munk\u00e1khoz tartoz\u00f3 feladat, de itt is c\u00e9lunk a val\u00f3s seg\u00edts\u00e9g, \u00edgy egyes esetekben k\u00fcl\u00f6n feladatk\u00e9nt is \u00e1llunk partnereink rendelkez\u00e9s\u00e9re.<\/p><\/div>\n\t\t\t\t<\/div>\n\t\t\t\t\t\t\t<div class=\"elementor-toggle-item\">\n\t\t\t\t\t<div id=\"elementor-tab-title-2413\" class=\"elementor-tab-title\" data-tab=\"3\" role=\"button\" aria-controls=\"elementor-tab-content-2413\" aria-expanded=\"false\">\n\t\t\t\t\t\t\t\t\t\t\t\t<span class=\"elementor-toggle-icon elementor-toggle-icon-left\" aria-hidden=\"true\">\n\t\t\t\t\t\t\t\t\t\t\t\t\t\t\t<span class=\"elementor-toggle-icon-closed\"><i class=\"fas fa-caret-right\"><\/i><\/span>\n\t\t\t\t\t\t\t\t<span class=\"elementor-toggle-icon-opened\"><i class=\"elementor-toggle-icon-opened fas fa-caret-up\"><\/i><\/span>\n\t\t\t\t\t\t\t\t\t\t\t\t\t<\/span>\n\t\t\t\t\t\t\t\t\t\t\t\t<a class=\"elementor-toggle-title\" tabindex=\"0\">Ad\u00f3tan\u00e1csad\u00e1s<\/a>\n\t\t\t\t\t<\/div>\n\n\t\t\t\t\t<div id=\"elementor-tab-content-2413\" class=\"elementor-tab-content elementor-clearfix\" data-tab=\"3\" role=\"region\" aria-labelledby=\"elementor-tab-title-2413\"><p>Az el\u0151z\u0151 k\u00e9t ter\u00fclethez term\u00e9szetesen elengedhetetlen\u00fcl hozz\u00e1tartozik ez a feladatk\u00f6r is. Ez mostan\u00e1ban egyre komolyabb kih\u00edv\u00e1st jelent a c\u00e9gvezet\u00e9seknek, gyorsan \u00e9s professzion\u00e1lisan kell reag\u00e1lni az egyre gyorsabban t\u00f6rt\u00e9n\u0151 v\u00e1ltoz\u00e1sokra. Nem kell sok\u00e9ves vezet\u0151i tapasztalat ahhoz, hogy az ember bel\u00e1ssa: nagy k\u00fcl\u00f6nbs\u00e9g van a k\u00f6z\u00f6tt, hogy kullogunk az esem\u00e9nyek ut\u00e1n, vagy meglovagoljuk az adott helyzetet, \u00e9s az \u00e9lvonalban maradva mi alak\u00edtjuk a k\u00f6r\u00fclm\u00e9nyeket. Ehhez viszont ism\u00e9t j\u00f3 szakemberekre van sz\u00fcks\u00e9g.<\/p><p>Esetenk\u00e9nt term\u00e9szetesen ezen a ter\u00fcleten is kapunk k\u00fcl\u00f6n felk\u00e9r\u00e9st, sokszor indul\u00f3, \u00e1tszervez\u00e9s vagy megv\u00e9tel el\u0151tt \u00e1ll\u00f3 c\u00e9gekre vonatkoz\u00f3an, ak\u00e1r szervez\u00e9si folyamatok kialak\u00edt\u00e1s\u00e1val egy\u00fctt.<\/p><\/div>\n\t\t\t\t<\/div>\n\t\t\t\t\t\t\t\t<\/div>\n\t\t\t\t\t\t<\/div>\n\t\t\t\t<\/div>\n\t\t\t\t\t<\/div>\n\t\t<\/div>\n\t\t\t\t\t<\/div>\n\t\t<\/section>\n\t\t\t\t<section class=\"elementor-section elementor-top-section elementor-element elementor-element-023fbc0 elementor-section-boxed elementor-section-height-default elementor-section-height-default\" data-id=\"023fbc0\" data-element_type=\"section\" data-e-type=\"section\">\n\t\t\t\t\t\t<div class=\"elementor-container elementor-column-gap-default\">\n\t\t\t\t\t<div class=\"elementor-column elementor-col-100 elementor-top-column elementor-element elementor-element-1c04612\" data-id=\"1c04612\" data-element_type=\"column\" data-e-type=\"column\">\n\t\t\t<div class=\"elementor-widget-wrap elementor-element-populated\">\n\t\t\t\t\t\t<div class=\"elementor-element elementor-element-8992cdc elementor-widget elementor-widget-image\" data-id=\"8992cdc\" data-element_type=\"widget\" data-e-type=\"widget\" data-widget_type=\"image.default\">\n\t\t\t\t<div class=\"elementor-widget-container\">\n\t\t\t\t\t\t\t\t\t\t\t\t\t\t\t<img fetchpriority=\"high\" decoding=\"async\" width=\"640\" height=\"480\" src=\"https:\/\/vetkonyvelo.hu\/Uj\/wp-content\/uploads\/2022\/08\/Iroda.jpg\" class=\"attachment-large size-large wp-image-201\" alt=\"Hatvani iroda\" srcset=\"https:\/\/vetkonyvelo.hu\/Uj\/wp-content\/uploads\/2022\/08\/Iroda.jpg 640w, https:\/\/vetkonyvelo.hu\/Uj\/wp-content\/uploads\/2022\/08\/Iroda-300x225.jpg 300w\" sizes=\"(max-width: 640px) 100vw, 640px\" \/>\t\t\t\t\t\t\t\t\t\t\t\t\t\t\t<\/div>\n\t\t\t\t<\/div>\n\t\t\t\t\t<\/div>\n\t\t<\/div>\n\t\t\t\t\t<\/div>\n\t\t<\/section>\n\t\t\t\t<section class=\"elementor-section elementor-top-section elementor-element elementor-element-ab7cd02 elementor-section-boxed elementor-section-height-default elementor-section-height-default\" data-id=\"ab7cd02\" data-element_type=\"section\" data-e-type=\"section\">\n\t\t\t\t\t\t<div class=\"elementor-container elementor-column-gap-default\">\n\t\t\t\t\t<div class=\"elementor-column elementor-col-100 elementor-top-column elementor-element elementor-element-196aa49\" data-id=\"196aa49\" data-element_type=\"column\" data-e-type=\"column\">\n\t\t\t<div class=\"elementor-widget-wrap elementor-element-populated\">\n\t\t\t\t\t\t<div class=\"elementor-element elementor-element-b7dbd2f elementor-widget elementor-widget-text-editor\" data-id=\"b7dbd2f\" data-element_type=\"widget\" data-e-type=\"widget\" data-widget_type=\"text-editor.default\">\n\t\t\t\t<div class=\"elementor-widget-container\">\n\t\t\t\t\t\t\t\t\t<p>Munkat\u00e1rsaink a sz\u00e1m\u00edt\u00e1stechnikai fejleszt\u00e9sinknek k\u00f6sz\u00f6nhet\u0151en m\u00e1r j\u00f3val azel\u0151tt \u00e9lvezhett\u00e9k az otthonr\u00f3l dolgoz\u00e1s el\u0151nyeit, mint ahogy itthon a &#8222;home office&#8221; magyar sz\u00f3nak kezdett sz\u00e1m\u00edtani. Partnereink \u00f6r\u00f6mmel vett\u00e9k, hogy nem csak telefonon vagy e-mailben, de b\u00e1rmelyik munkat\u00e1rsunkkal vide\u00f3 megbesz\u00e9l\u00e9s form\u00e1j\u00e1ban is tarthatj\u00e1k a kapcsolatot. Ezek mellett term\u00e9szetesen ak\u00e1r a pesti, hatvani, vagy \u00e9pp a sz\u00e9cs\u00e9nyi irod\u00e1nkban sz\u00edvesen \u00fcl\u00fcnk le szem\u00e9lyesen is egy j\u00f3 k\u00e1v\u00e9ra, te\u00e1ra, illetve \u00fcgyfel\u00fcnket is megl\u00e1togatjuk k\u00e9r\u00e9s\u00e9re.<\/p>\t\t\t\t\t\t\t\t<\/div>\n\t\t\t\t<\/div>\n\t\t\t\t\t<\/div>\n\t\t<\/div>\n\t\t\t\t\t<\/div>\n\t\t<\/section>\n\t\t\t\t<section class=\"elementor-section elementor-top-section elementor-element elementor-element-daa0d67 elementor-section-boxed elementor-section-height-default elementor-section-height-default\" data-id=\"daa0d67\" data-element_type=\"section\" data-e-type=\"section\">\n\t\t\t\t\t\t<div class=\"elementor-container elementor-column-gap-default\">\n\t\t\t\t\t<div class=\"elementor-column elementor-col-100 elementor-top-column elementor-element elementor-element-677821d\" data-id=\"677821d\" data-element_type=\"column\" data-e-type=\"column\">\n\t\t\t<div class=\"elementor-widget-wrap elementor-element-populated\">\n\t\t\t\t\t\t<div class=\"elementor-element elementor-element-b0a9353 elementor-widget elementor-widget-spacer\" data-id=\"b0a9353\" data-element_type=\"widget\" data-e-type=\"widget\" data-widget_type=\"spacer.default\">\n\t\t\t\t<div class=\"elementor-widget-container\">\n\t\t\t\t\t\t\t<div class=\"elementor-spacer\">\n\t\t\t<div class=\"elementor-spacer-inner\"><\/div>\n\t\t<\/div>\n\t\t\t\t\t\t<\/div>\n\t\t\t\t<\/div>\n\t\t\t\t\t<\/div>\n\t\t<\/div>\n\t\t\t\t\t<\/div>\n\t\t<\/section>\n\t\t\t\t<section class=\"elementor-section elementor-top-section elementor-element elementor-element-189338f elementor-section-boxed elementor-section-height-default elementor-section-height-default\" data-id=\"189338f\" data-element_type=\"section\" data-e-type=\"section\">\n\t\t\t\t\t\t<div class=\"elementor-container elementor-column-gap-default\">\n\t\t\t\t\t<div class=\"elementor-column elementor-col-100 elementor-top-column elementor-element elementor-element-539ec5c\" data-id=\"539ec5c\" data-element_type=\"column\" data-e-type=\"column\">\n\t\t\t<div class=\"elementor-widget-wrap elementor-element-populated\">\n\t\t\t\t\t\t<div class=\"elementor-element elementor-element-6806dd1 elementor-widget elementor-widget-text-editor\" data-id=\"6806dd1\" data-element_type=\"widget\" data-e-type=\"widget\" data-widget_type=\"text-editor.default\">\n\t\t\t\t<div class=\"elementor-widget-container\">\n\t\t\t\t\t\t\t\t\t<p>\u00c1raink egyedileg, a t\u00e9nyleges felk\u00e9r\u00e9shez igazod\u00f3an ker\u00fclnek kialak\u00edt\u00e1sra. Tapasztalatunk szerint az olyan c\u00e9gekkel tudunk sok\u00e1ig, nagy megel\u00e9ged\u00e9s\u00fckre, igazi seg\u00edts\u00e9get ny\u00fajtva egy\u00fctt m\u0171k\u00f6dni, akiknek a felfog\u00e1sa: a c\u00e9gvezet\u0151t nem az seg\u00edti, ha olcs\u00f3 a k\u00f6nyvel\u0151je, hanem ha val\u00f3ban a haszn\u00e1ra van a c\u00e9g\u00e9nek. Amennyiben evvel \u00d6n is egyet\u00e9rt, akkor egy aj\u00e1nlatk\u00e9r\u00e9st meg\u00e9rhet a dolog, nem?<\/p>\t\t\t\t\t\t\t\t<\/div>\n\t\t\t\t<\/div>\n\t\t\t\t\t<\/div>\n\t\t<\/div>\n\t\t\t\t\t<\/div>\n\t\t<\/section>\n\t\t\t\t<\/div>\n\t\t","protected":false},"excerpt":{"rendered":"<p>Szolg\u00e1ltat\u00e1saink ezen a ter\u00fcleten: Sz\u00e1mviteli szolg\u00e1ltat\u00e1saink Sz\u00e1mviteli szolg\u00e1ltat\u00e1sunk egy\u00e9rtelm\u0171en a legr\u00e9gebbi tev\u00e9kenys\u00e9geink egyike. Mindig is b\u00fcszk\u00e9k voltunk arra, hogy igyekezt\u00fcnk a leg\u00fajabb technikai fejleszt\u00e9seket alkalmazni \u00fagy, hogy az jav\u00edtsa a lehet\u0151s\u00e9geket, de ne menjen a stabilit\u00e1s k\u00e1r\u00e1ra. Jelenleg az adatr\u00f6gz\u00edt\u00e9s jelent\u0151s r\u00e9sz\u00e9n\u00e9l az \u00e9l\u0151munk\u00e1t kiv\u00e1ltottuk a szoftveres megold\u00e1sokkal, evvel nem elhanyagolhat\u00f3 m\u00f3don lecs\u00f6kkentve a pap\u00edrok, [&hellip;]<\/p>\n","protected":false},"author":1,"featured_media":0,"parent":0,"menu_order":0,"comment_status":"closed","ping_status":"closed","template":"elementor_header_footer","meta":{"footnotes":""},"class_list":["post-124","page","type-page","status-publish","hentry"],"_links":{"self":[{"href":"https:\/\/vetkonyvelo.hu\/Uj\/index.php\/wp-json\/wp\/v2\/pages\/124","targetHints":{"allow":["GET"]}}],"collection":[{"href":"https:\/\/vetkonyvelo.hu\/Uj\/index.php\/wp-json\/wp\/v2\/pages"}],"about":[{"href":"https:\/\/vetkonyvelo.hu\/Uj\/index.php\/wp-json\/wp\/v2\/types\/page"}],"author":[{"embeddable":true,"href":"https:\/\/vetkonyvelo.hu\/Uj\/index.php\/wp-json\/wp\/v2\/users\/1"}],"replies":[{"embeddable":true,"href":"https:\/\/vetkonyvelo.hu\/Uj\/index.php\/wp-json\/wp\/v2\/comments?post=124"}],"version-history":[{"count":22,"href":"https:\/\/vetkonyvelo.hu\/Uj\/index.php\/wp-json\/wp\/v2\/pages\/124\/revisions"}],"predecessor-version":[{"id":392,"href":"https:\/\/vetkonyvelo.hu\/Uj\/index.php\/wp-json\/wp\/v2\/pages\/124\/revisions\/392"}],"wp:attachment":[{"href":"https:\/\/vetkonyvelo.hu\/Uj\/index.php\/wp-json\/wp\/v2\/media?parent=124"}],"curies":[{"name":"wp","href":"https:\/\/api.w.org\/{rel}","templated":true}]}}